{"id":903,"date":"2023-08-09T12:04:55","date_gmt":"2023-08-09T09:04:55","guid":{"rendered":"http:\/\/pump-it.shop\/product\/mixer-6-booster-stator-without-ant-rotation\/"},"modified":"2024-03-06T16:35:07","modified_gmt":"2024-03-06T14:35:07","slug":"mixer-6-booster-stator-without-anti-rotation","status":"publish","type":"product","link":"https:\/\/pump-it.shop\/fr\/Produit\/mixer-6-booster-stator-without-anti-rotation\/","title":{"rendered":"6 Booster Stator sans anti-rotation"},"content":{"rendered":"<div>\n<p><span lang=\"EN-US\">Notre Stator 6 Booster sans anti-rotation est recouvert d&#8217;un film de couleurs orange, blanc et noir. <\/span><span style=\"font-family: var(--global-body-font-family);\">Notre mod\u00e8le de surpresseur et sa conception g\u00e9om\u00e9trique permet d\u2019obtenir un d\u00e9bit plus \u00e9lev\u00e9 tout en ayant une consommation d\u2019\u00e9nergie plus faible. <\/span><\/p>\n<\/div>\n<div>\n<p><span lang=\"EN-US\"> <\/span><\/p>\n<\/div>\n<div>\n<p><span lang=\"EN-US\">Peut \u00eatre combin\u00e9 avec notre type 6 Rotor avec t\u00eate de rotor avec fente sans anti-rotation en mat\u00e9riau C (mat\u00e9riau Acier Standard) ou notre type 6 Rotor avec t\u00eate de rotor avec fente sans anti-rotation en HR (Mat\u00e9riau Haute R\u00e9sistance) ou notre 6 rotors avec t\u00eate de rotor avec fente et anti-rotation en HR (Mat\u00e9riau Haute R\u00e9sistance) en ensemble complet.<\/span><\/p>\n<\/div>\n<div>\n<p><span lang=\"EN-US\"> <\/span><\/p>\n<\/div>\n<div>\n<p><span lang=\"EN-US\">Convient aux machines suivantes : Machines \u00e0 pl\u00e2tre et \u00e0 enduit \/ Stators I 41 \/ Kaleta 5 \/ Koine 4 Imer \/ Mai 4Job Business \/ Mai 4One Sirius Plus \/ Mai 4You Economy Business \/ Maltec M5 \/ Mixpro 50 \/ PFT G4 \/ Plus Top \/ Standard \/ Putzmeister MP 25 \/ VEP VR 6<\/span><\/p>\n<\/div>\n<div>\n<p><span lang=\"EN-US\"> <\/span><\/p>\n<\/div>\n<div>\n<p><span lang=\"EN-US\">Convient pour le pompage des mat\u00e9riaux suivants : Enduits et pl\u00e2tres \/ Enduits de r\u00e9novation<\/span><\/p>\n<\/div>\n<div>\n<p><span lang=\"EN-US\"> <\/span><\/p>\n<\/div>\n<div>\n<p><span lang=\"EN-US\">Synonymes : 6 Worm Mantle, D6-3, Worm Mantle, Stator I 41, Kaleta 5 Stator, Koine 4 Imer Stator, Maltec M5 Stator, Mixpo 50 Stator, PFT G4 Stator, Plus Top\/Standard Stator, Putzmeister MP 25 Stator, VEP Stator VR 6, Stator d&#8217;affaires \u00e9conomique Mai 4You, Stator d&#8217;affaires Mai 4One Sirius Plus, Stator d&#8217;affaires Mai4Job <\/span><\/p>\n<\/div>\n","protected":false},"excerpt":{"rendered":"<p>Notre Stator 6 Booster sans anti-rotation est recouvert d&#8217;un film de couleurs orange, blanc et noir. Notre mod\u00e8le de surpresseur et sa conception g\u00e9om\u00e9trique permet d\u2019obtenir un d\u00e9bit plus \u00e9lev\u00e9 tout en ayant une consommation d\u2019\u00e9nergie plus faible. Peut \u00eatre combin\u00e9 avec notre type 6 Rotor avec t\u00eate de rotor avec fente sans anti-rotation en&#8230;<\/p>\n","protected":false},"featured_media":460,"comment_status":"open","ping_status":"closed","template":"","meta":{"_kad_blocks_custom_css":"","_kad_blocks_head_custom_js":"","_kad_blocks_body_custom_js":"","_kad_blocks_footer_custom_js":"","_kad_post_transparent":"","_kad_post_title":"","_kad_post_layout":"","_kad_post_sidebar_id":"","_kad_post_content_style":"","_kad_post_vertical_padding":"","_kad_post_feature":"","_kad_post_feature_position":"","_kad_post_header":false,"_kad_post_footer":false,"_kad_post_classname":""},"product_brand":[],"product_cat":[509,248],"product_tag":[358,341,423,424,355,356,357,339,338,230,337,340,342],"class_list":{"0":"post-903","1":"product","2":"type-product","3":"status-publish","4":"has-post-thumbnail","6":"product_cat-machine-a-projeter-et-machines-a-platres","7":"product_cat-stators-fr","8":"product_tag-i-41-fr","9":"product_tag-kaleta-5-fr","10":"product_tag-koine-3-imer-fr","11":"product_tag-koine-4-imer-fr","12":"product_tag-mai-4job-business-fr","13":"product_tag-mai-4one-sirius-plus-fr","14":"product_tag-mai-4you-economy-business-fr","15":"product_tag-maltec-m5-fr","16":"product_tag-mixpro-50-fr","17":"product_tag-pft-g4-fr","18":"product_tag-plus-top-standard-fr","19":"product_tag-putzmeister-mp-25-fr","20":"product_tag-vep-vr-6-fr","22":"first","23":"instock","24":"taxable","25":"shipping-taxable","26":"purchasable","27":"product-type-simple","28":"entry","29":"content-bg","30":"loop-entry"},"bundled_by":[],"bundle_stock_status":"instock","bundle_stock_quantity":null,"bundle_virtual":false,"bundle_layout":"","bundle_add_to_cart_form_location":"","bundle_editable_in_cart":false,"bundle_sold_individually_context":"","bundle_item_grouping":"","bundle_min_size":"","bundle_max_size":"","bundle_price":[],"bundled_items":[],"bundle_sell_ids":[],"taxonomy_info":{"product_cat":[{"value":509,"label":"Machine \u00e0 projeter et machines \u00e0 pl\u00e2tres"},{"value":248,"label":"Stators"}],"product_tag":[{"value":358,"label":"I 41"},{"value":341,"label":"Kaleta 5"},{"value":423,"label":"Koine 3 Imer"},{"value":424,"label":"Koine 4 Imer"},{"value":355,"label":"Mai 4Job Business"},{"value":356,"label":"Mai 4One Sirius Plus"},{"value":357,"label":"Mai 4You Economy Business"},{"value":339,"label":"Maltec M5"},{"value":338,"label":"Mixpro 50"},{"value":230,"label":"PFT G4"},{"value":337,"label":"Plus Top\/Standard"},{"value":340,"label":"Putzmeister MP 25"},{"value":342,"label":"VEP VR 6"}]},"featured_image_src_large":["https:\/\/pump-it.shop\/wp-content\/uploads\/2023\/07\/3F00503100.jpg",500,500,false],"author_info":[],"comment_info":0,"_links":{"self":[{"href":"https:\/\/pump-it.shop\/fr\/wp-json\/wp\/v2\/product\/903","targetHints":{"allow":["GET"]}}],"collection":[{"href":"https:\/\/pump-it.shop\/fr\/wp-json\/wp\/v2\/product"}],"about":[{"href":"https:\/\/pump-it.shop\/fr\/wp-json\/wp\/v2\/types\/product"}],"replies":[{"embeddable":true,"href":"https:\/\/pump-it.shop\/fr\/wp-json\/wp\/v2\/comments?post=903"}],"wp:featuredmedia":[{"embeddable":true,"href":"https:\/\/pump-it.shop\/fr\/wp-json\/wp\/v2\/media\/460"}],"wp:attachment":[{"href":"https:\/\/pump-it.shop\/fr\/wp-json\/wp\/v2\/media?parent=903"}],"wp:term":[{"taxonomy":"product_brand","embeddable":true,"href":"https:\/\/pump-it.shop\/fr\/wp-json\/wp\/v2\/product_brand?post=903"},{"taxonomy":"product_cat","embeddable":true,"href":"https:\/\/pump-it.shop\/fr\/wp-json\/wp\/v2\/product_cat?post=903"},{"taxonomy":"product_tag","embeddable":true,"href":"https:\/\/pump-it.shop\/fr\/wp-json\/wp\/v2\/product_tag?post=903"}],"curies":[{"name":"wp","href":"https:\/\/api.w.org\/{rel}","templated":true}]}}