{"id":879,"date":"2023-08-09T12:05:04","date_gmt":"2023-08-09T09:05:04","guid":{"rendered":"http:\/\/pump-it.shop\/product\/mixer-polo-rotor-with-ant-rotation\/"},"modified":"2024-03-06T12:43:28","modified_gmt":"2024-03-06T10:43:28","slug":"mixer-polo-rotor-with-anti-rotation","status":"publish","type":"product","link":"https:\/\/pump-it.shop\/fr\/Produit\/mixer-polo-rotor-with-anti-rotation\/","title":{"rendered":"PolPolo Rotor avec fente anti-rotation (Mat\u00e9riau Haute R\u00e9sistance)"},"content":{"rendered":"<p style=\"font-weight: 400;\">Notre Polo Rotor \u00e0 t\u00eate de Rotor fendue avec anti-rotation est fabriqu\u00e9 en acier HR, ce mat\u00e9riau tr\u00e8s r\u00e9sistant r\u00e9siste de mani\u00e8re optimale aux produits abrasifs.<\/p>\n<p style=\"font-weight: 400;\">Peut \u00eatre combin\u00e9 avec notre Polo Straight Stator sans anti-rotation ou notre Polo Stator avec fentes sans anti-rotation et notre Polo Clamping Jacket sans anti-rotation comme ensemble complet.<\/p>\n<p style=\"font-weight: 400;\">Convient aux machines suivantes : CP 30\/40 \/ I 41 Fassa \/ Koine 3 Imer \/ Koine 35 Imer \/ Koine 4 Imer \/ M-Tec P 15\/20 \/ M5 Maltech \/ Mai 4Job Business \/ Mai 4One Sirius Plus \/ Mai 4You Economy Business \/ PFT G4 \/ PFT ZP3 \/ Plus Top\/Standard \/ Swing L \/ autres machines \u00e0 pl\u00e2tre et \u00e0 enduit<\/p>\n<p style=\"font-weight: 400;\">Convient pour le pompage des mat\u00e9riaux suivants : Enduits et gypse<\/p>\n<p>Synonymes : fente de rotor Polo, fente de rotor Polo avec anti-rotation, rotor CP 30, rotor CP 40, rotor I 41 Fassa, rotor Koine 3 Imer, rotor Koine 35 Imer, rotor Koine 4 Imer, rotor M-Tec P 15, M -Tec P 20 Rotor, M5 Maltech Rotor, Mai 4Job Business Rotor, Mai 4One Sirius Plus Rotor, Mai 4You Economy Business Rotor, PFT G4 Rotor, PFT ZP3 Rotor, Plus Top Rotor, Plus Standard Rotor, Swing L Rotor<\/p>\n","protected":false},"excerpt":{"rendered":"<p>Notre Polo Rotor \u00e0 t\u00eate de Rotor fendue avec anti-rotation est fabriqu\u00e9 en acier HR, ce mat\u00e9riau tr\u00e8s r\u00e9sistant r\u00e9siste de mani\u00e8re optimale aux produits abrasifs. Peut \u00eatre combin\u00e9 avec notre Polo Straight Stator sans anti-rotation ou notre Polo Stator avec fentes sans anti-rotation et notre Polo Clamping Jacket sans anti-rotation comme ensemble complet. Convient&#8230;<\/p>\n","protected":false},"featured_media":295,"comment_status":"open","ping_status":"closed","template":"","meta":{"_kad_blocks_custom_css":"","_kad_blocks_head_custom_js":"","_kad_blocks_body_custom_js":"","_kad_blocks_footer_custom_js":"","_kad_post_transparent":"","_kad_post_title":"","_kad_post_layout":"","_kad_post_sidebar_id":"","_kad_post_content_style":"","_kad_post_vertical_padding":"","_kad_post_feature":"","_kad_post_feature_position":"","_kad_post_header":false,"_kad_post_footer":false,"_kad_post_classname":""},"product_brand":[],"product_cat":[509,229],"product_tag":[434,439,423,440,424,435,438,355,356,357,230,231,337,436],"class_list":{"0":"post-879","1":"product","2":"type-product","3":"status-publish","4":"has-post-thumbnail","6":"product_cat-machine-a-projeter-et-machines-a-platres","7":"product_cat-rotors-fr","8":"product_tag-cp-30-40-fr","9":"product_tag-i-41-fassa-fr","10":"product_tag-koine-3-imer-fr","11":"product_tag-koine-35-imer-fr","12":"product_tag-koine-4-imer-fr","13":"product_tag-m-tec-p-15-20-fr","14":"product_tag-m5-maltech-fr","15":"product_tag-mai-4job-business-fr","16":"product_tag-mai-4one-sirius-plus-fr","17":"product_tag-mai-4you-economy-business-fr","18":"product_tag-pft-g4-fr","19":"product_tag-pft-zp3-fr","20":"product_tag-plus-top-standard-fr","21":"product_tag-swing-l-fr","23":"first","24":"instock","25":"taxable","26":"shipping-taxable","27":"purchasable","28":"product-type-simple","29":"entry","30":"content-bg","31":"loop-entry"},"bundled_by":[],"bundle_stock_status":"instock","bundle_stock_quantity":null,"bundle_virtual":false,"bundle_layout":"","bundle_add_to_cart_form_location":"","bundle_editable_in_cart":false,"bundle_sold_individually_context":"","bundle_item_grouping":"","bundle_min_size":"","bundle_max_size":"","bundle_price":[],"bundled_items":[],"bundle_sell_ids":[],"taxonomy_info":{"product_cat":[{"value":509,"label":"Machine \u00e0 projeter et machines \u00e0 pl\u00e2tres"},{"value":229,"label":"Rotors"}],"product_tag":[{"value":434,"label":"CP 30\/40"},{"value":439,"label":"I 41 Fassa"},{"value":423,"label":"Koine 3 Imer"},{"value":440,"label":"Koine 35 Imer"},{"value":424,"label":"Koine 4 Imer"},{"value":435,"label":"M-Tec P 15\/20"},{"value":438,"label":"M5 Maltech"},{"value":355,"label":"Mai 4Job Business"},{"value":356,"label":"Mai 4One Sirius Plus"},{"value":357,"label":"Mai 4You Economy Business"},{"value":230,"label":"PFT G4"},{"value":231,"label":"PFT ZP3"},{"value":337,"label":"Plus Top\/Standard"},{"value":436,"label":"Swing L"}]},"featured_image_src_large":["https:\/\/pump-it.shop\/wp-content\/uploads\/2023\/07\/7009301000-1024x1024.jpg",1024,1024,true],"author_info":[],"comment_info":0,"_links":{"self":[{"href":"https:\/\/pump-it.shop\/fr\/wp-json\/wp\/v2\/product\/879","targetHints":{"allow":["GET"]}}],"collection":[{"href":"https:\/\/pump-it.shop\/fr\/wp-json\/wp\/v2\/product"}],"about":[{"href":"https:\/\/pump-it.shop\/fr\/wp-json\/wp\/v2\/types\/product"}],"replies":[{"embeddable":true,"href":"https:\/\/pump-it.shop\/fr\/wp-json\/wp\/v2\/comments?post=879"}],"wp:featuredmedia":[{"embeddable":true,"href":"https:\/\/pump-it.shop\/fr\/wp-json\/wp\/v2\/media\/295"}],"wp:attachment":[{"href":"https:\/\/pump-it.shop\/fr\/wp-json\/wp\/v2\/media?parent=879"}],"wp:term":[{"taxonomy":"product_brand","embeddable":true,"href":"https:\/\/pump-it.shop\/fr\/wp-json\/wp\/v2\/product_brand?post=879"},{"taxonomy":"product_cat","embeddable":true,"href":"https:\/\/pump-it.shop\/fr\/wp-json\/wp\/v2\/product_cat?post=879"},{"taxonomy":"product_tag","embeddable":true,"href":"https:\/\/pump-it.shop\/fr\/wp-json\/wp\/v2\/product_tag?post=879"}],"curies":[{"name":"wp","href":"https:\/\/api.w.org\/{rel}","templated":true}]}}