{"id":825,"date":"2023-08-09T12:05:36","date_gmt":"2023-08-09T09:05:36","guid":{"rendered":"http:\/\/pump-it.shop\/product\/mixer-taurus-straight-stator-without-anti-rotation\/"},"modified":"2024-02-16T13:51:08","modified_gmt":"2024-02-16T11:51:08","slug":"mixer-taurus-straight-stator-without-anti-rotation","status":"publish","type":"product","link":"https:\/\/pump-it.shop\/fr\/Produit\/mixer-taurus-straight-stator-without-anti-rotation\/","title":{"rendered":"Stator droit Taurus sans anti-rotation"},"content":{"rendered":"<div>\n<p><span lang=\"EN-US\">Notre stator Taurus droit sans anti-rotation est dot\u00e9 d\u2019une feuille enveloppante de couleurs orange, blanche et noire. Le nom Taurus ( D5-2,5 ) est imprim\u00e9 \u00e0 l\u2019ext\u00e9rieur. <\/span><\/p>\n<\/div>\n<div>\n<p><span lang=\"EN-US\"> <\/span><\/p>\n<\/div>\n<div>\n<p><span lang=\"EN-US\">Peut \u00eatre combin\u00e9 avec notre Taurus Rotor avec t\u00eate de rotor de type avec fente sans anti-rotation en mat\u00e9riau C (mat\u00e9riau Standard Steel) ou notre Taurus Rotor avec t\u00eate de rotor de type avec fente sans anti-rotation en HR (mat\u00e9riau \u00e0 haute r\u00e9sistance) en tant que kit complet.<\/span><\/p>\n<\/div>\n<div>\n<p><span lang=\"EN-US\"> <\/span><\/p>\n<\/div>\n<div>\n<p><span lang=\"EN-US\">Convient aux machines suivantes : Machines \u00e0 pl\u00e2tre et \u00e0 enduit \/ Stators I 41 \/ Kaleta 5 \/ Mai 4Job Business \/ Mai 4One Sirius Plus \/ Mai 4You Economy Business \/ Maltec M5 \/ Mixpro 50 \/ Mustang \/ PFT G4 \/ Plus Top \/ Standard \/ Classic \/ Putzmeister MP 25 \/ VEP VR 6<\/span><\/p>\n<\/div>\n<div>\n<p><span lang=\"EN-US\"> <\/span><\/p>\n<\/div>\n<div>\n<p><span lang=\"EN-US\">Convient pour le pompage des mat\u00e9riaux suivants : Enduits et enduits \/ Enduits de r\u00e9novation<\/span><\/p>\n<\/div>\n<div>\n<p><span lang=\"EN-US\"> <\/span><\/p>\n<\/div>\n<div>\n<div>\n<p><span lang=\"EN-US\">Synonymes : Manteau de ver Taurus , D5-2,5 , Manteau de ver , Stator Taurus , Stator Kaleta 5 , Stator Maltec M5 , Stator Mixpo 50 , Stator PFT G4 , Plus Stator Top\/Standard\/Classic , Stator Putzmeister MP 25 , Stator VEP VR 6 , Stator Mustang , Stator Mai 4You Economy Business Stator , Stator Mai 4One Sirius Plus , Stator Mai4Job Business Stator <\/span><\/p>\n<\/div>\n<\/div>\n","protected":false},"excerpt":{"rendered":"<p>Notre stator Taurus droit sans anti-rotation est dot\u00e9 d\u2019une feuille enveloppante de couleurs orange, blanche et noire. Le nom Taurus ( D5-2,5 ) est imprim\u00e9 \u00e0 l\u2019ext\u00e9rieur. Peut \u00eatre combin\u00e9 avec notre Taurus Rotor avec t\u00eate de rotor de type avec fente sans anti-rotation en mat\u00e9riau C (mat\u00e9riau Standard Steel) ou notre Taurus Rotor avec&#8230;<\/p>\n","protected":false},"featured_media":415,"comment_status":"open","ping_status":"closed","template":"","meta":{"_kad_blocks_custom_css":"","_kad_blocks_head_custom_js":"","_kad_blocks_body_custom_js":"","_kad_blocks_footer_custom_js":"","_kad_post_transparent":"","_kad_post_title":"","_kad_post_layout":"","_kad_post_sidebar_id":"","_kad_post_content_style":"","_kad_post_vertical_padding":"","_kad_post_feature":"","_kad_post_feature_position":"","_kad_post_header":false,"_kad_post_footer":false,"_kad_post_classname":""},"product_brand":[],"product_cat":[509,511,248],"product_tag":[358,341,355,356,357,339,338,360,230,359,340,342],"class_list":{"0":"post-825","1":"product","2":"type-product","3":"status-publish","4":"has-post-thumbnail","6":"product_cat-machine-a-projeter-et-machines-a-platres","7":"product_cat-revalement-de-facade","8":"product_cat-stators-fr","9":"product_tag-i-41-fr","10":"product_tag-kaleta-5-fr","11":"product_tag-mai-4job-business-fr","12":"product_tag-mai-4one-sirius-plus-fr","13":"product_tag-mai-4you-economy-business-fr","14":"product_tag-maltec-m5-fr","15":"product_tag-mixpro-50-fr","16":"product_tag-mustang-fr","17":"product_tag-pft-g4-fr","18":"product_tag-plus-top-standard-classic-fr","19":"product_tag-putzmeister-mp-25-fr","20":"product_tag-vep-vr-6-fr","22":"first","23":"instock","24":"taxable","25":"shipping-taxable","26":"purchasable","27":"product-type-simple","28":"entry","29":"content-bg","30":"loop-entry"},"bundled_by":[],"bundle_stock_status":"instock","bundle_stock_quantity":null,"bundle_virtual":false,"bundle_layout":"","bundle_add_to_cart_form_location":"","bundle_editable_in_cart":false,"bundle_sold_individually_context":"","bundle_item_grouping":"","bundle_min_size":"","bundle_max_size":"","bundle_price":[],"bundled_items":[],"bundle_sell_ids":[],"taxonomy_info":{"product_cat":[{"value":509,"label":"Machine \u00e0 projeter et machines \u00e0 pl\u00e2tres"},{"value":511,"label":"Revalement de facade"},{"value":248,"label":"Stators"}],"product_tag":[{"value":358,"label":"I 41"},{"value":341,"label":"Kaleta 5"},{"value":355,"label":"Mai 4Job Business"},{"value":356,"label":"Mai 4One Sirius Plus"},{"value":357,"label":"Mai 4You Economy Business"},{"value":339,"label":"Maltec M5"},{"value":338,"label":"Mixpro 50"},{"value":360,"label":"Mustang"},{"value":230,"label":"PFT G4"},{"value":359,"label":"Plus Top \/ Standard \/ Classic"},{"value":340,"label":"Putzmeister MP 25"},{"value":342,"label":"VEP VR 6"}]},"featured_image_src_large":["https:\/\/pump-it.shop\/wp-content\/uploads\/2023\/07\/3F00501200.jpg",500,500,false],"author_info":[],"comment_info":0,"_links":{"self":[{"href":"https:\/\/pump-it.shop\/fr\/wp-json\/wp\/v2\/product\/825","targetHints":{"allow":["GET"]}}],"collection":[{"href":"https:\/\/pump-it.shop\/fr\/wp-json\/wp\/v2\/product"}],"about":[{"href":"https:\/\/pump-it.shop\/fr\/wp-json\/wp\/v2\/types\/product"}],"replies":[{"embeddable":true,"href":"https:\/\/pump-it.shop\/fr\/wp-json\/wp\/v2\/comments?post=825"}],"wp:featuredmedia":[{"embeddable":true,"href":"https:\/\/pump-it.shop\/fr\/wp-json\/wp\/v2\/media\/415"}],"wp:attachment":[{"href":"https:\/\/pump-it.shop\/fr\/wp-json\/wp\/v2\/media?parent=825"}],"wp:term":[{"taxonomy":"product_brand","embeddable":true,"href":"https:\/\/pump-it.shop\/fr\/wp-json\/wp\/v2\/product_brand?post=825"},{"taxonomy":"product_cat","embeddable":true,"href":"https:\/\/pump-it.shop\/fr\/wp-json\/wp\/v2\/product_cat?post=825"},{"taxonomy":"product_tag","embeddable":true,"href":"https:\/\/pump-it.shop\/fr\/wp-json\/wp\/v2\/product_tag?post=825"}],"curies":[{"name":"wp","href":"https:\/\/api.w.org\/{rel}","templated":true}]}}