{"id":821,"date":"2023-08-09T12:05:43","date_gmt":"2023-08-09T09:05:43","guid":{"rendered":"http:\/\/pump-it.shop\/product\/mixer-taurus-slit-rotor-without-anti-rotation\/"},"modified":"2024-02-16T10:16:07","modified_gmt":"2024-02-16T08:16:07","slug":"mixer-taurus-slit-rotor-without-anti-rotation","status":"publish","type":"product","link":"https:\/\/pump-it.shop\/fr\/Produit\/mixer-taurus-slit-rotor-without-anti-rotation\/","title":{"rendered":"Rotor \u00e0 fente Taurus sans anti-rotation (mat\u00e9riau haute r\u00e9sistance)"},"content":{"rendered":"<div>\n<p class=\"tw-data-text\"><span class=\"y2iqfc\"><span lang=\"EN\">Notre rotor Taurus avec une t\u00eate de rotor fendue sans anti-rotation est fabriqu\u00e9 en acier HR, ce mat\u00e9riau tr\u00e8s r\u00e9sistant est parfaitement r\u00e9sistant aux produits abrasifs.<span class=\"apple-converted-space\"> <\/span><\/span><\/span><\/p>\n<\/div>\n<div>\n<p><span lang=\"EN-US\"> <\/span><\/p>\n<\/div>\n<div>\n<p class=\"tw-data-text\"><span class=\"y2iqfc\"><span lang=\"EN\">Peut \u00eatre combin\u00e9 avec notre stator droit Taurus sans anti-rotation, notre stator droit Taurus avec anti-rotation, notre stator d\u2019appoint Taurus avec anti-rotation ou notre stator d\u2019appoint Taurus sans anti-rotation en tant qu\u2019ensemble complet.<\/span><\/span><span class=\"apple-converted-space\"><span lang=\"EN\"> <\/span><\/span><\/p>\n<\/div>\n<div>\n<p><span lang=\"EN-US\"> <\/span><\/p>\n<\/div>\n<div>\n<p class=\"tw-data-text\"><span class=\"y2iqfc\"><span lang=\"EN\">Convient aux machines suivantes : I 41 \/ Kaleta 5 \/ Mai 4Job Business \/ Mai 4One Sirius Plus \/ Mai 4You Economy Business \/ Maltec M5 \/ Mixpro 50 \/ Mustang \/ PFT G4 \/ Plus Top \/ Standard \/ Classic \/ Putzmeister MP 25 \/ VEP VR 6 \/ Machines \u00e0 pl\u00e2tre et \u00e0 enduit<\/span><\/span><\/p>\n<\/div>\n<div>\n<p><span lang=\"EN-US\"> <\/span><\/p>\n<\/div>\n<div>\n<p class=\"tw-data-text\"><span class=\"y2iqfc\"><span lang=\"EN\">Convient pour le pompage des mat\u00e9riaux suivants : Enduits et enduits \/ Enduits de r\u00e9novation<\/span><\/span><\/p>\n<p>&nbsp;<\/p>\n<\/div>\n<div>\n<div>\n<p class=\"tw-data-text\"><span class=\"y2iqfc\"><span lang=\"EN\">Synonymes : Taureau , Rotor avec fente , Rotor SP 11 BHF , Rotor 2L74 , <\/span><\/span><span style=\"font-family: var(--global-body-font-family);\">I 41 Rotor , Kaleta 5 Rotor , Mai 4Job Business Rotor , Mai 4One Sirius Plus Rotor , Mai 4You Economy Business Rotor , Maltec M5 Rotor , Mixpro 50 Rotor , Mustang Rotor , PFT G4 Rotor , Plus Top Rotor , Rotor Standard , Rotor classique , Putzmeister MP 25 Rotor , VEP VR 6 Rotor<\/span><\/p>\n<\/div>\n<\/div>\n","protected":false},"excerpt":{"rendered":"<p>Notre rotor Taurus avec une t\u00eate de rotor fendue sans anti-rotation est fabriqu\u00e9 en acier HR, ce mat\u00e9riau tr\u00e8s r\u00e9sistant est parfaitement r\u00e9sistant aux produits abrasifs. Peut \u00eatre combin\u00e9 avec notre stator droit Taurus sans anti-rotation, notre stator droit Taurus avec anti-rotation, notre stator d\u2019appoint Taurus avec anti-rotation ou notre stator d\u2019appoint Taurus sans anti-rotation&#8230;<\/p>\n","protected":false},"featured_media":319,"comment_status":"open","ping_status":"closed","template":"","meta":{"_kad_blocks_custom_css":"","_kad_blocks_head_custom_js":"","_kad_blocks_body_custom_js":"","_kad_blocks_footer_custom_js":"","_kad_post_transparent":"","_kad_post_title":"","_kad_post_layout":"","_kad_post_sidebar_id":"","_kad_post_content_style":"","_kad_post_vertical_padding":"","_kad_post_feature":"","_kad_post_feature_position":"","_kad_post_header":false,"_kad_post_footer":false,"_kad_post_classname":""},"product_brand":[],"product_cat":[509,511,229],"product_tag":[358,341,355,356,357,339,338,360,230,359,340,342],"class_list":{"0":"post-821","1":"product","2":"type-product","3":"status-publish","4":"has-post-thumbnail","6":"product_cat-machine-a-projeter-et-machines-a-platres","7":"product_cat-revalement-de-facade","8":"product_cat-rotors-fr","9":"product_tag-i-41-fr","10":"product_tag-kaleta-5-fr","11":"product_tag-mai-4job-business-fr","12":"product_tag-mai-4one-sirius-plus-fr","13":"product_tag-mai-4you-economy-business-fr","14":"product_tag-maltec-m5-fr","15":"product_tag-mixpro-50-fr","16":"product_tag-mustang-fr","17":"product_tag-pft-g4-fr","18":"product_tag-plus-top-standard-classic-fr","19":"product_tag-putzmeister-mp-25-fr","20":"product_tag-vep-vr-6-fr","22":"first","23":"instock","24":"taxable","25":"shipping-taxable","26":"purchasable","27":"product-type-simple","28":"entry","29":"content-bg","30":"loop-entry"},"bundled_by":[],"bundle_stock_status":"instock","bundle_stock_quantity":null,"bundle_virtual":false,"bundle_layout":"","bundle_add_to_cart_form_location":"","bundle_editable_in_cart":false,"bundle_sold_individually_context":"","bundle_item_grouping":"","bundle_min_size":"","bundle_max_size":"","bundle_price":[],"bundled_items":[],"bundle_sell_ids":[],"taxonomy_info":{"product_cat":[{"value":509,"label":"Machine \u00e0 projeter et machines \u00e0 pl\u00e2tres"},{"value":511,"label":"Revalement de facade"},{"value":229,"label":"Rotors"}],"product_tag":[{"value":358,"label":"I 41"},{"value":341,"label":"Kaleta 5"},{"value":355,"label":"Mai 4Job Business"},{"value":356,"label":"Mai 4One Sirius Plus"},{"value":357,"label":"Mai 4You Economy Business"},{"value":339,"label":"Maltec M5"},{"value":338,"label":"Mixpro 50"},{"value":360,"label":"Mustang"},{"value":230,"label":"PFT G4"},{"value":359,"label":"Plus Top \/ Standard \/ Classic"},{"value":340,"label":"Putzmeister MP 25"},{"value":342,"label":"VEP VR 6"}]},"featured_image_src_large":["https:\/\/pump-it.shop\/wp-content\/uploads\/2023\/07\/7009007000.jpg",500,500,false],"author_info":[],"comment_info":0,"_links":{"self":[{"href":"https:\/\/pump-it.shop\/fr\/wp-json\/wp\/v2\/product\/821","targetHints":{"allow":["GET"]}}],"collection":[{"href":"https:\/\/pump-it.shop\/fr\/wp-json\/wp\/v2\/product"}],"about":[{"href":"https:\/\/pump-it.shop\/fr\/wp-json\/wp\/v2\/types\/product"}],"replies":[{"embeddable":true,"href":"https:\/\/pump-it.shop\/fr\/wp-json\/wp\/v2\/comments?post=821"}],"wp:featuredmedia":[{"embeddable":true,"href":"https:\/\/pump-it.shop\/fr\/wp-json\/wp\/v2\/media\/319"}],"wp:attachment":[{"href":"https:\/\/pump-it.shop\/fr\/wp-json\/wp\/v2\/media?parent=821"}],"wp:term":[{"taxonomy":"product_brand","embeddable":true,"href":"https:\/\/pump-it.shop\/fr\/wp-json\/wp\/v2\/product_brand?post=821"},{"taxonomy":"product_cat","embeddable":true,"href":"https:\/\/pump-it.shop\/fr\/wp-json\/wp\/v2\/product_cat?post=821"},{"taxonomy":"product_tag","embeddable":true,"href":"https:\/\/pump-it.shop\/fr\/wp-json\/wp\/v2\/product_tag?post=821"}],"curies":[{"name":"wp","href":"https:\/\/api.w.org\/{rel}","templated":true}]}}