{"id":746,"date":"2023-08-09T12:06:14","date_gmt":"2023-08-09T09:06:14","guid":{"rendered":"http:\/\/pump-it.shop\/product\/mixer-bora-short-silt-rotor-with-ant-rotation\/"},"modified":"2024-02-22T08:45:03","modified_gmt":"2024-02-22T06:45:03","slug":"mixer-bora-short-silt-rotor-with-ant-rotation","status":"publish","type":"product","link":"https:\/\/pump-it.shop\/fr\/Produit\/mixer-bora-short-silt-rotor-with-ant-rotation\/","title":{"rendered":"Rotor \u00e0 fente courte Bora avec anti-rotation (mat\u00e9riau \u00e0 haute r\u00e9sistance)"},"content":{"rendered":"<p id=\"tw-target-text\" class=\"tw-data-text tw-text-large tw-ta\" dir=\"ltr\" data-placeholder=\"Vertaling\" data-ved=\"2ahUKEwiXjeOx-5SEAxXVxQIHHQBODZsQ3ewLegQIDRAU\"><span class=\"Y2IQFc\" lang=\"en\">Notre rotor Bora court avec fente anti-rotation est fabriqu\u00e9 en acier HR, ce mat\u00e9riau tr\u00e8s r\u00e9sistant r\u00e9siste de mani\u00e8re optimale aux produits abrasifs. <\/span><\/p>\n<p class=\"tw-data-text tw-text-large tw-ta\" dir=\"ltr\" data-placeholder=\"Vertaling\" data-ved=\"2ahUKEwiXjeOx-5SEAxXVxQIHHQBODZsQ3ewLegQIDRAU\"><span class=\"Y2IQFc\" lang=\"en\">Peut \u00eatre combin\u00e9 avec notre stator Bora court r\u00e9glable sans anti-rotation en tant que kit complet.  <\/span><\/p>\n<p class=\"tw-data-text tw-text-large tw-ta\" dir=\"ltr\" data-placeholder=\"Vertaling\" data-ved=\"2ahUKEwiXjeOx-5SEAxXVxQIHHQBODZsQ3ewLegQIDRAU\"><span class=\"Y2IQFc\" lang=\"en\">Convient aux machines suivantes : PFT G4 \/ PFT Ritmo \/ PFT Swing L \/ PFT ZP3  <\/span><\/p>\n<p class=\"tw-data-text tw-text-large tw-ta\" dir=\"ltr\" data-placeholder=\"Vertaling\" data-ved=\"2ahUKEwiXjeOx-5SEAxXVxQIHHQBODZsQ3ewLegQIDRAU\"><span class=\"Y2IQFc\" lang=\"en\">Convient pour le pompage des mat\u00e9riaux suivants : B\u00e9ton projet\u00e9 \/ chape liquide \/ mortiers de r\u00e9paration et d\u2019isolation  <\/span><\/p>\n<p class=\"tw-data-text tw-text-large tw-ta\" dir=\"ltr\" data-placeholder=\"Vertaling\" data-ved=\"2ahUKEwiXjeOx-5SEAxXVxQIHHQBODZsQ3ewLegQIDRAU\"><span class=\"Y2IQFc\" lang=\"en\">Synonymes : ver Bora court, ver Bora, ver, Bora court, Bora court, Bora<\/span><\/p>\n","protected":false},"excerpt":{"rendered":"<p>Notre rotor Bora court avec fente anti-rotation est fabriqu\u00e9 en acier HR, ce mat\u00e9riau tr\u00e8s r\u00e9sistant r\u00e9siste de mani\u00e8re optimale aux produits abrasifs. Peut \u00eatre combin\u00e9 avec notre stator Bora court r\u00e9glable sans anti-rotation en tant que kit complet. Convient aux machines suivantes : PFT G4 \/ PFT Ritmo \/ PFT Swing L \/ PFT&#8230;<\/p>\n","protected":false},"featured_media":349,"comment_status":"open","ping_status":"closed","template":"","meta":{"_kad_blocks_custom_css":"","_kad_blocks_head_custom_js":"","_kad_blocks_body_custom_js":"","_kad_blocks_footer_custom_js":"","_kad_post_transparent":"","_kad_post_title":"","_kad_post_layout":"","_kad_post_sidebar_id":"","_kad_post_content_style":"","_kad_post_vertical_padding":"","_kad_post_feature":"","_kad_post_feature_position":"","_kad_post_header":false,"_kad_post_footer":false,"_kad_post_classname":""},"product_brand":[],"product_cat":[507,229],"product_tag":[230,232,233,231],"class_list":{"0":"post-746","1":"product","2":"type-product","3":"status-publish","4":"has-post-thumbnail","6":"product_cat-microbeton-chape-liquide-enduits-de-reparation-et-isolation","7":"product_cat-rotors-fr","8":"product_tag-pft-g4-fr","9":"product_tag-pft-ritmo-fr","10":"product_tag-pft-swing-l-fr","11":"product_tag-pft-zp3-fr","13":"first","14":"instock","15":"taxable","16":"shipping-taxable","17":"purchasable","18":"product-type-simple","19":"entry","20":"content-bg","21":"loop-entry"},"bundled_by":[],"bundle_stock_status":"instock","bundle_stock_quantity":null,"bundle_virtual":false,"bundle_layout":"","bundle_add_to_cart_form_location":"","bundle_editable_in_cart":false,"bundle_sold_individually_context":"","bundle_item_grouping":"","bundle_min_size":"","bundle_max_size":"","bundle_price":[],"bundled_items":[],"bundle_sell_ids":[],"taxonomy_info":{"product_cat":[{"value":507,"label":"Microbeton, chape liquide, enduits de r\u00e9paration et isolation"},{"value":229,"label":"Rotors"}],"product_tag":[{"value":230,"label":"PFT G4"},{"value":232,"label":"PFT Ritmo"},{"value":233,"label":"PFT Swing L"},{"value":231,"label":"PFT ZP3"}]},"featured_image_src_large":["https:\/\/pump-it.shop\/wp-content\/uploads\/2023\/07\/7009310200-1024x1024.jpg",1024,1024,true],"author_info":[],"comment_info":0,"_links":{"self":[{"href":"https:\/\/pump-it.shop\/fr\/wp-json\/wp\/v2\/product\/746","targetHints":{"allow":["GET"]}}],"collection":[{"href":"https:\/\/pump-it.shop\/fr\/wp-json\/wp\/v2\/product"}],"about":[{"href":"https:\/\/pump-it.shop\/fr\/wp-json\/wp\/v2\/types\/product"}],"replies":[{"embeddable":true,"href":"https:\/\/pump-it.shop\/fr\/wp-json\/wp\/v2\/comments?post=746"}],"wp:featuredmedia":[{"embeddable":true,"href":"https:\/\/pump-it.shop\/fr\/wp-json\/wp\/v2\/media\/349"}],"wp:attachment":[{"href":"https:\/\/pump-it.shop\/fr\/wp-json\/wp\/v2\/media?parent=746"}],"wp:term":[{"taxonomy":"product_brand","embeddable":true,"href":"https:\/\/pump-it.shop\/fr\/wp-json\/wp\/v2\/product_brand?post=746"},{"taxonomy":"product_cat","embeddable":true,"href":"https:\/\/pump-it.shop\/fr\/wp-json\/wp\/v2\/product_cat?post=746"},{"taxonomy":"product_tag","embeddable":true,"href":"https:\/\/pump-it.shop\/fr\/wp-json\/wp\/v2\/product_tag?post=746"}],"curies":[{"name":"wp","href":"https:\/\/api.w.org\/{rel}","templated":true}]}}